{"id":155256,"date":"2023-02-01T17:05:54","date_gmt":"2023-02-01T17:05:54","guid":{"rendered":"https:\/\/tecscience.tec.mx\/en\/?page_id=155256"},"modified":"2023-02-01T17:05:54","modified_gmt":"2023-02-01T17:05:54","slug":"editorial-committee","status":"publish","type":"page","link":"https:\/\/tecscience.tec.mx\/en\/editorial-committee\/","title":{"rendered":"Editorial Committee TecScience"},"content":{"rendered":"\n<p><strong>Jorge Valdez<\/strong><\/p>\n\n\n\n<p>Internationalization Linkage Director of TecSalud and Scientific Editor of <strong><em>TecScience<\/em><\/strong><\/p>\n\n\n\n<p><\/p>\n\n\n\n<p><strong>Roc\u00edo D\u00edaz de la Garza<\/strong><\/p>\n\n\n\n<p>Integrative Biology Leader,\u00a0The Institute for Obesity Research<\/p>\n\n\n\n<p><\/p>\n\n\n\n<p><strong>Rita Fuentes<\/strong><\/p>\n\n\n\n<p>Enabling Technologies Leader, Institute of Advanced Materials\u00a0\u00a0<\/p>\n\n\n\n<p><\/p>\n\n\n\n<p><strong>Esteban Venegas\u00a0<\/strong><\/p>\n\n\n\n<p>Director, Observatory, Institute for the Future of Education<\/p>\n\n\n\n<p><\/p>\n\n\n\n<p><strong>Mariana Guevara<\/strong><\/p>\n\n\n\n<p>Research Coordinator, School of Government and Public Transformation<\/p>\n\n\n\n<p><\/p>\n\n\n\n<p><strong>Jos\u00e9 Ernesto Amor\u00f3s<\/strong><\/p>\n\n\n\n<p>Associate Dean, EGADE Business School<\/p>\n\n\n\n<p><\/p>\n\n\n\n<p><strong>Ayde\u00e9 Coronado<\/strong><\/p>\n\n\n\n<p>Research\u00a0 Management Leader, School of Engineering and Science <\/p>\n\n\n\n<p><\/p>\n\n\n\n<p><strong>Emanuele\u00a0 Giorgi<\/strong><\/p>\n\n\n\n<p>Research Director, School of Architecture, Art, and Design <\/p>\n\n\n\n<p><\/p>\n\n\n\n<p><strong>Francisco D\u00edaz\u00a0<\/strong><\/p>\n\n\n\n<p>Associate Dean, School of Humanities and Education<\/p>\n\n\n\n<p><\/p>\n\n\n\n<p><strong>Carlos T\u00e9llez<\/strong><\/p>\n\n\n\n<p>Associate Director, Technology Transfer Office<\/p>\n\n\n\n<p><\/p>\n","protected":false},"excerpt":{"rendered":"<p>Jorge Valdez Internationalization Linkage Director of TecSalud and Scientific Editor of TecScience Roc\u00edo D\u00edaz de la Garza Integrative Biology Leader,\u00a0The Institute for Obesity Research Rita Fuentes Enabling Technologies Leader, Institute of Advanced Materials\u00a0\u00a0 Esteban Venegas\u00a0 Director, Observatory, Institute for the Future of Education Mariana Guevara Research Coordinator, School of Government and Public Transformation Jos\u00e9 Ernesto [&hellip;]<\/p>\n","protected":false},"author":18,"featured_media":155257,"parent":0,"menu_order":0,"comment_status":"closed","ping_status":"closed","template":"","meta":{"_acf_changed":false,"_eb_attr":"","footnotes":""},"class_list":["post-155256","page","type-page","status-publish","has-post-thumbnail","hentry"],"acf":[],"yoast_head":"<!-- This site is optimized with the Yoast SEO Premium plugin v21.0 (Yoast SEO v27.3) - https:\/\/yoast.com\/product\/yoast-seo-premium-wordpress\/ -->\n<title>Editorial Committee | TecScience<\/title>\n<meta name=\"description\" content=\"Es una plataforma editorial biling\u00fce, encargada de comunicar los avances en investigaci\u00f3n, ciencia e innovaci\u00f3n del Tec de Monterrey.\" \/>\n<meta name=\"robots\" content=\"index, follow, max-snippet:-1, max-image-preview:large, max-video-preview:-1\" \/>\n<link rel=\"canonical\" href=\"https:\/\/tecscience.tec.mx\/en\/editorial-committee\/\" \/>\n<meta property=\"og:locale\" content=\"en_US\" \/>\n<meta property=\"og:type\" content=\"article\" \/>\n<meta property=\"og:title\" content=\"Editorial Committee TecScience\" \/>\n<meta property=\"og:description\" content=\"Es una plataforma editorial biling\u00fce, encargada de comunicar los avances en investigaci\u00f3n, ciencia e innovaci\u00f3n del Tec de Monterrey.\" \/>\n<meta property=\"og:url\" content=\"https:\/\/tecscience.tec.mx\/en\/editorial-committee\/\" \/>\n<meta property=\"og:site_name\" content=\"TecScience\" \/>\n<meta property=\"og:image\" content=\"https:\/\/tecscience.tec.mx\/en\/wp-content\/uploads\/sites\/9\/2023\/02\/editorial-commitee.jpg\" \/>\n\t<meta property=\"og:image:width\" content=\"1366\" \/>\n\t<meta property=\"og:image:height\" content=\"1366\" \/>\n\t<meta property=\"og:image:type\" content=\"image\/jpeg\" \/>\n<meta name=\"twitter:card\" content=\"summary_large_image\" \/>\n<meta name=\"twitter:label1\" content=\"Est. reading time\" \/>\n\t<meta name=\"twitter:data1\" content=\"1 minute\" \/>\n<script type=\"application\/ld+json\" class=\"yoast-schema-graph\">{\"@context\":\"https:\\\/\\\/schema.org\",\"@graph\":[{\"@type\":\"WebPage\",\"@id\":\"https:\\\/\\\/tecscience.tec.mx\\\/en\\\/editorial-committee\\\/\",\"url\":\"https:\\\/\\\/tecscience.tec.mx\\\/en\\\/editorial-committee\\\/\",\"name\":\"Editorial Committee | TecScience\",\"isPartOf\":{\"@id\":\"https:\\\/\\\/tecscience.tec.mx\\\/en\\\/#website\"},\"primaryImageOfPage\":{\"@id\":\"https:\\\/\\\/tecscience.tec.mx\\\/en\\\/editorial-committee\\\/#primaryimage\"},\"image\":{\"@id\":\"https:\\\/\\\/tecscience.tec.mx\\\/en\\\/editorial-committee\\\/#primaryimage\"},\"thumbnailUrl\":\"https:\\\/\\\/tecscience.tec.mx\\\/en\\\/wp-content\\\/uploads\\\/sites\\\/9\\\/2023\\\/02\\\/editorial-commitee.jpg\",\"datePublished\":\"2023-02-01T17:05:54+00:00\",\"description\":\"Es una plataforma editorial biling\u00fce, encargada de comunicar los avances en investigaci\u00f3n, ciencia e innovaci\u00f3n del Tec de Monterrey.\",\"breadcrumb\":{\"@id\":\"https:\\\/\\\/tecscience.tec.mx\\\/en\\\/editorial-committee\\\/#breadcrumb\"},\"inLanguage\":\"en-US\",\"potentialAction\":[{\"@type\":\"ReadAction\",\"target\":[\"https:\\\/\\\/tecscience.tec.mx\\\/en\\\/editorial-committee\\\/\"]}]},{\"@type\":\"ImageObject\",\"inLanguage\":\"en-US\",\"@id\":\"https:\\\/\\\/tecscience.tec.mx\\\/en\\\/editorial-committee\\\/#primaryimage\",\"url\":\"https:\\\/\\\/tecscience.tec.mx\\\/en\\\/wp-content\\\/uploads\\\/sites\\\/9\\\/2023\\\/02\\\/editorial-commitee.jpg\",\"contentUrl\":\"https:\\\/\\\/tecscience.tec.mx\\\/en\\\/wp-content\\\/uploads\\\/sites\\\/9\\\/2023\\\/02\\\/editorial-commitee.jpg\",\"width\":1366,\"height\":1366,\"caption\":\"logo of tecscience\"},{\"@type\":\"BreadcrumbList\",\"@id\":\"https:\\\/\\\/tecscience.tec.mx\\\/en\\\/editorial-committee\\\/#breadcrumb\",\"itemListElement\":[{\"@type\":\"ListItem\",\"position\":1,\"name\":\"Home\",\"item\":\"https:\\\/\\\/tecscience.tec.mx\\\/en\\\/\"},{\"@type\":\"ListItem\",\"position\":2,\"name\":\"Editorial Committee TecScience\"}]},{\"@type\":\"WebSite\",\"@id\":\"https:\\\/\\\/tecscience.tec.mx\\\/en\\\/#website\",\"url\":\"https:\\\/\\\/tecscience.tec.mx\\\/en\\\/\",\"name\":\"TecScience\",\"description\":\"-\",\"publisher\":{\"@id\":\"https:\\\/\\\/tecscience.tec.mx\\\/en\\\/#organization\"},\"potentialAction\":[{\"@type\":\"SearchAction\",\"target\":{\"@type\":\"EntryPoint\",\"urlTemplate\":\"https:\\\/\\\/tecscience.tec.mx\\\/en\\\/?s={search_term_string}\"},\"query-input\":{\"@type\":\"PropertyValueSpecification\",\"valueRequired\":true,\"valueName\":\"search_term_string\"}}],\"inLanguage\":\"en-US\"},{\"@type\":\"Organization\",\"@id\":\"https:\\\/\\\/tecscience.tec.mx\\\/en\\\/#organization\",\"name\":\"TecScience\",\"url\":\"https:\\\/\\\/tecscience.tec.mx\\\/en\\\/\",\"logo\":{\"@type\":\"ImageObject\",\"inLanguage\":\"en-US\",\"@id\":\"https:\\\/\\\/tecscience.tec.mx\\\/en\\\/#\\\/schema\\\/logo\\\/image\\\/\",\"url\":\"https:\\\/\\\/tecscience.tec.mx\\\/en\\\/wp-content\\\/uploads\\\/sites\\\/9\\\/2022\\\/11\\\/logo-negro-tecscience.svg\",\"contentUrl\":\"https:\\\/\\\/tecscience.tec.mx\\\/en\\\/wp-content\\\/uploads\\\/sites\\\/9\\\/2022\\\/11\\\/logo-negro-tecscience.svg\",\"width\":250,\"height\":38,\"caption\":\"TecScience\"},\"image\":{\"@id\":\"https:\\\/\\\/tecscience.tec.mx\\\/en\\\/#\\\/schema\\\/logo\\\/image\\\/\"}}]}<\/script>\n<!-- \/ Yoast SEO Premium plugin. -->","yoast_head_json":{"title":"Editorial Committee | TecScience","description":"Es una plataforma editorial biling\u00fce, encargada de comunicar los avances en investigaci\u00f3n, ciencia e innovaci\u00f3n del Tec de Monterrey.","robots":{"index":"index","follow":"follow","max-snippet":"max-snippet:-1","max-image-preview":"max-image-preview:large","max-video-preview":"max-video-preview:-1"},"canonical":"https:\/\/tecscience.tec.mx\/en\/editorial-committee\/","og_locale":"en_US","og_type":"article","og_title":"Editorial Committee TecScience","og_description":"Es una plataforma editorial biling\u00fce, encargada de comunicar los avances en investigaci\u00f3n, ciencia e innovaci\u00f3n del Tec de Monterrey.","og_url":"https:\/\/tecscience.tec.mx\/en\/editorial-committee\/","og_site_name":"TecScience","og_image":[{"width":1366,"height":1366,"url":"https:\/\/tecscience.tec.mx\/en\/wp-content\/uploads\/sites\/9\/2023\/02\/editorial-commitee.jpg","type":"image\/jpeg"}],"twitter_card":"summary_large_image","twitter_misc":{"Est. reading time":"1 minute"},"schema":{"@context":"https:\/\/schema.org","@graph":[{"@type":"WebPage","@id":"https:\/\/tecscience.tec.mx\/en\/editorial-committee\/","url":"https:\/\/tecscience.tec.mx\/en\/editorial-committee\/","name":"Editorial Committee | TecScience","isPartOf":{"@id":"https:\/\/tecscience.tec.mx\/en\/#website"},"primaryImageOfPage":{"@id":"https:\/\/tecscience.tec.mx\/en\/editorial-committee\/#primaryimage"},"image":{"@id":"https:\/\/tecscience.tec.mx\/en\/editorial-committee\/#primaryimage"},"thumbnailUrl":"https:\/\/tecscience.tec.mx\/en\/wp-content\/uploads\/sites\/9\/2023\/02\/editorial-commitee.jpg","datePublished":"2023-02-01T17:05:54+00:00","description":"Es una plataforma editorial biling\u00fce, encargada de comunicar los avances en investigaci\u00f3n, ciencia e innovaci\u00f3n del Tec de Monterrey.","breadcrumb":{"@id":"https:\/\/tecscience.tec.mx\/en\/editorial-committee\/#breadcrumb"},"inLanguage":"en-US","potentialAction":[{"@type":"ReadAction","target":["https:\/\/tecscience.tec.mx\/en\/editorial-committee\/"]}]},{"@type":"ImageObject","inLanguage":"en-US","@id":"https:\/\/tecscience.tec.mx\/en\/editorial-committee\/#primaryimage","url":"https:\/\/tecscience.tec.mx\/en\/wp-content\/uploads\/sites\/9\/2023\/02\/editorial-commitee.jpg","contentUrl":"https:\/\/tecscience.tec.mx\/en\/wp-content\/uploads\/sites\/9\/2023\/02\/editorial-commitee.jpg","width":1366,"height":1366,"caption":"logo of tecscience"},{"@type":"BreadcrumbList","@id":"https:\/\/tecscience.tec.mx\/en\/editorial-committee\/#breadcrumb","itemListElement":[{"@type":"ListItem","position":1,"name":"Home","item":"https:\/\/tecscience.tec.mx\/en\/"},{"@type":"ListItem","position":2,"name":"Editorial Committee TecScience"}]},{"@type":"WebSite","@id":"https:\/\/tecscience.tec.mx\/en\/#website","url":"https:\/\/tecscience.tec.mx\/en\/","name":"TecScience","description":"-","publisher":{"@id":"https:\/\/tecscience.tec.mx\/en\/#organization"},"potentialAction":[{"@type":"SearchAction","target":{"@type":"EntryPoint","urlTemplate":"https:\/\/tecscience.tec.mx\/en\/?s={search_term_string}"},"query-input":{"@type":"PropertyValueSpecification","valueRequired":true,"valueName":"search_term_string"}}],"inLanguage":"en-US"},{"@type":"Organization","@id":"https:\/\/tecscience.tec.mx\/en\/#organization","name":"TecScience","url":"https:\/\/tecscience.tec.mx\/en\/","logo":{"@type":"ImageObject","inLanguage":"en-US","@id":"https:\/\/tecscience.tec.mx\/en\/#\/schema\/logo\/image\/","url":"https:\/\/tecscience.tec.mx\/en\/wp-content\/uploads\/sites\/9\/2022\/11\/logo-negro-tecscience.svg","contentUrl":"https:\/\/tecscience.tec.mx\/en\/wp-content\/uploads\/sites\/9\/2022\/11\/logo-negro-tecscience.svg","width":250,"height":38,"caption":"TecScience"},"image":{"@id":"https:\/\/tecscience.tec.mx\/en\/#\/schema\/logo\/image\/"}}]}},"_links":{"self":[{"href":"https:\/\/tecscience.tec.mx\/en\/wp-json\/wp\/v2\/pages\/155256","targetHints":{"allow":["GET"]}}],"collection":[{"href":"https:\/\/tecscience.tec.mx\/en\/wp-json\/wp\/v2\/pages"}],"about":[{"href":"https:\/\/tecscience.tec.mx\/en\/wp-json\/wp\/v2\/types\/page"}],"author":[{"embeddable":true,"href":"https:\/\/tecscience.tec.mx\/en\/wp-json\/wp\/v2\/users\/18"}],"replies":[{"embeddable":true,"href":"https:\/\/tecscience.tec.mx\/en\/wp-json\/wp\/v2\/comments?post=155256"}],"version-history":[{"count":0,"href":"https:\/\/tecscience.tec.mx\/en\/wp-json\/wp\/v2\/pages\/155256\/revisions"}],"wp:featuredmedia":[{"embeddable":true,"href":"https:\/\/tecscience.tec.mx\/en\/wp-json\/wp\/v2\/media\/155257"}],"wp:attachment":[{"href":"https:\/\/tecscience.tec.mx\/en\/wp-json\/wp\/v2\/media?parent=155256"}],"curies":[{"name":"wp","href":"https:\/\/api.w.org\/{rel}","templated":true}]}}