{"id":154893,"date":"2023-02-01T02:00:32","date_gmt":"2023-02-01T02:00:32","guid":{"rendered":"https:\/\/tecscience.tec.mx\/es\/?page_id=154893"},"modified":"2023-02-01T02:00:32","modified_gmt":"2023-02-01T02:00:32","slug":"comite-editorial-tecscience","status":"publish","type":"page","link":"https:\/\/tecscience.tec.mx\/es\/comite-editorial-tecscience\/","title":{"rendered":"Comit\u00e9 Editorial TecScience"},"content":{"rendered":"\n<p><strong>Jorge Valdez<\/strong><\/p>\n\n\n\n<p>Director de Vinculaci\u00f3n de Internacionalizaci\u00f3n de TecSalud y Editor Cient\u00edfico en <em>TecScience<\/em><\/p>\n\n\n\n<p><\/p>\n\n\n\n<p><strong>Roc\u00edo D\u00edaz de la Garza<\/strong><\/p>\n\n\n\n<p>L\u00edder de la unidad de biolog\u00eda integrativa, Institute for Obesity Research<\/p>\n\n\n\n<p><\/p>\n\n\n\n<p><strong>Rita Fuentes<\/strong><\/p>\n\n\n\n<p>L\u00edder de la unidad de tecnolog\u00edas habilitadoras para el desarrollo de <a class=\"wpil_keyword_link\" href=\"https:\/\/tecscience.tec.mx\/es\/tecnologia\/materiales-avanzados\/\"   title=\"Materiales 5S: revolucionando la manufactura sostenible\" data-wpil-keyword-link=\"linked\"  data-wpil-monitor-id=\"177\">materiales avanzados<\/a> en el Institute of Advanced Materials for Sustainable Manufacturing<\/p>\n\n\n\n<p><\/p>\n\n\n\n<p><strong>Esteban Venegas&nbsp;<\/strong><\/p>\n\n\n\n<p>Director del Observatorio, Institute for the Future of Education<\/p>\n\n\n\n<p><\/p>\n\n\n\n<p><strong>Mariana Guevara<\/strong><\/p>\n\n\n\n<p>Coordinadora de investigaci\u00f3n, Escuela de Gobierno y Transformaci\u00f3n P\u00fablica<\/p>\n\n\n\n<p><\/p>\n\n\n\n<p><strong>Jos\u00e9 Ernesto Amor\u00f3s<\/strong><\/p>\n\n\n\n<p>Decano Asociado, EGADE y Escuela de Negocios<\/p>\n\n\n\n<p><\/p>\n\n\n\n<p><strong>Ayde\u00e9 Coronado<\/strong><\/p>\n\n\n\n<p>Coordinadora de apoyo a la investigaci\u00f3n, Escuela de Ingenier\u00eda y Ciencias<\/p>\n\n\n\n<p><\/p>\n\n\n\n<p><strong>Emanuele Giorgi<\/strong><\/p>\n\n\n\n<p>Director de Investigaci\u00f3n, Escuela de Arquitectura, Arte y Dise\u00f1o&nbsp;<\/p>\n\n\n\n<p><\/p>\n\n\n\n<p><strong>Francisco D\u00edaz&nbsp;<\/strong><\/p>\n\n\n\n<p>Decano Asociado, Escuela de Humanidades y Educaci\u00f3n&nbsp;<\/p>\n\n\n\n<p><\/p>\n\n\n\n<p><strong>Carlos T\u00e9llez<\/strong><\/p>\n\n\n\n<p>Director Asociado, Oficina de Transferencia Tecnol\u00f3gica<\/p>\n\n\n\n<p><\/p>\n\n\n\n<p><strong>Esteban Venegas&nbsp;<\/strong><\/p>\n\n\n\n<p>Director del Observatorio, Institute for the Future of Education<\/p>\n\n\n\n<p><\/p>\n","protected":false},"excerpt":{"rendered":"<p>Jorge Valdez Director de Vinculaci\u00f3n de Internacionalizaci\u00f3n de TecSalud y Editor Cient\u00edfico en TecScience Roc\u00edo D\u00edaz de la Garza L\u00edder de la unidad de biolog\u00eda integrativa, Institute for Obesity Research Rita Fuentes L\u00edder de la unidad de tecnolog\u00edas habilitadoras para el desarrollo de materiales avanzados en el Institute of Advanced Materials for Sustainable Manufacturing Esteban [&hellip;]<\/p>\n","protected":false},"author":18,"featured_media":154897,"parent":0,"menu_order":0,"comment_status":"closed","ping_status":"closed","template":"","meta":{"_acf_changed":false,"_eb_attr":"","footnotes":""},"class_list":["post-154893","page","type-page","status-publish","has-post-thumbnail","hentry"],"acf":[],"yoast_head":"<!-- This site is optimized with the Yoast SEO Premium plugin v21.0 (Yoast SEO v27.3) - https:\/\/yoast.com\/product\/yoast-seo-premium-wordpress\/ -->\n<title>Comit\u00e9 Editorial | TecScience<\/title>\n<meta name=\"robots\" content=\"index, follow, max-snippet:-1, max-image-preview:large, max-video-preview:-1\" \/>\n<link rel=\"canonical\" href=\"https:\/\/tecscience.tec.mx\/es\/comite-editorial-tecscience\/\" \/>\n<meta property=\"og:locale\" content=\"es_ES\" \/>\n<meta property=\"og:type\" content=\"article\" \/>\n<meta property=\"og:title\" content=\"Comit\u00e9 Editorial TecScience\" \/>\n<meta property=\"og:description\" content=\"Jorge Valdez Director de Vinculaci\u00f3n de Internacionalizaci\u00f3n de TecSalud y Editor Cient\u00edfico en TecScience Roc\u00edo D\u00edaz de la Garza L\u00edder de la unidad de biolog\u00eda integrativa, Institute for Obesity Research Rita Fuentes L\u00edder de la unidad de tecnolog\u00edas habilitadoras para el desarrollo de materiales avanzados en el Institute of Advanced Materials for Sustainable Manufacturing Esteban [&hellip;]\" \/>\n<meta property=\"og:url\" content=\"https:\/\/tecscience.tec.mx\/es\/comite-editorial-tecscience\/\" \/>\n<meta property=\"og:site_name\" content=\"TecScience\" \/>\n<meta property=\"article:publisher\" content=\"https:\/\/www.facebook.com\/TecScienceWeb\" \/>\n<meta property=\"og:image\" content=\"https:\/\/tecscience.tec.mx\/es\/wp-content\/uploads\/sites\/8\/2023\/02\/comite-editorial.jpg\" \/>\n\t<meta property=\"og:image:width\" content=\"1366\" \/>\n\t<meta property=\"og:image:height\" content=\"1366\" \/>\n\t<meta property=\"og:image:type\" content=\"image\/jpeg\" \/>\n<meta name=\"twitter:card\" content=\"summary_large_image\" \/>\n<meta name=\"twitter:site\" content=\"@TecScience_\" \/>\n<meta name=\"twitter:label1\" content=\"Tiempo de lectura\" \/>\n\t<meta name=\"twitter:data1\" content=\"1 minuto\" \/>\n<script type=\"application\/ld+json\" class=\"yoast-schema-graph\">{\"@context\":\"https:\\\/\\\/schema.org\",\"@graph\":[{\"@type\":\"WebPage\",\"@id\":\"https:\\\/\\\/tecscience.tec.mx\\\/es\\\/comite-editorial-tecscience\\\/\",\"url\":\"https:\\\/\\\/tecscience.tec.mx\\\/es\\\/comite-editorial-tecscience\\\/\",\"name\":\"Comit\u00e9 Editorial | TecScience\",\"isPartOf\":{\"@id\":\"https:\\\/\\\/tecscience.tec.mx\\\/es\\\/#website\"},\"primaryImageOfPage\":{\"@id\":\"https:\\\/\\\/tecscience.tec.mx\\\/es\\\/comite-editorial-tecscience\\\/#primaryimage\"},\"image\":{\"@id\":\"https:\\\/\\\/tecscience.tec.mx\\\/es\\\/comite-editorial-tecscience\\\/#primaryimage\"},\"thumbnailUrl\":\"https:\\\/\\\/tecscience.tec.mx\\\/es\\\/wp-content\\\/uploads\\\/sites\\\/8\\\/2023\\\/02\\\/comite-editorial.jpg\",\"datePublished\":\"2023-02-01T02:00:32+00:00\",\"breadcrumb\":{\"@id\":\"https:\\\/\\\/tecscience.tec.mx\\\/es\\\/comite-editorial-tecscience\\\/#breadcrumb\"},\"inLanguage\":\"es\",\"potentialAction\":[{\"@type\":\"ReadAction\",\"target\":[\"https:\\\/\\\/tecscience.tec.mx\\\/es\\\/comite-editorial-tecscience\\\/\"]}]},{\"@type\":\"ImageObject\",\"inLanguage\":\"es\",\"@id\":\"https:\\\/\\\/tecscience.tec.mx\\\/es\\\/comite-editorial-tecscience\\\/#primaryimage\",\"url\":\"https:\\\/\\\/tecscience.tec.mx\\\/es\\\/wp-content\\\/uploads\\\/sites\\\/8\\\/2023\\\/02\\\/comite-editorial.jpg\",\"contentUrl\":\"https:\\\/\\\/tecscience.tec.mx\\\/es\\\/wp-content\\\/uploads\\\/sites\\\/8\\\/2023\\\/02\\\/comite-editorial.jpg\",\"width\":1366,\"height\":1366,\"caption\":\"logo de TecScience\"},{\"@type\":\"BreadcrumbList\",\"@id\":\"https:\\\/\\\/tecscience.tec.mx\\\/es\\\/comite-editorial-tecscience\\\/#breadcrumb\",\"itemListElement\":[{\"@type\":\"ListItem\",\"position\":1,\"name\":\"Home\",\"item\":\"https:\\\/\\\/tecscience.tec.mx\\\/es\\\/\"},{\"@type\":\"ListItem\",\"position\":2,\"name\":\"Comit\u00e9 Editorial TecScience\"}]},{\"@type\":\"WebSite\",\"@id\":\"https:\\\/\\\/tecscience.tec.mx\\\/es\\\/#website\",\"url\":\"https:\\\/\\\/tecscience.tec.mx\\\/es\\\/\",\"name\":\"TecScience\",\"description\":\"Bilingual platform in charge of communicating advances in research, science and innovation at Tec\",\"publisher\":{\"@id\":\"https:\\\/\\\/tecscience.tec.mx\\\/es\\\/#organization\"},\"potentialAction\":[{\"@type\":\"SearchAction\",\"target\":{\"@type\":\"EntryPoint\",\"urlTemplate\":\"https:\\\/\\\/tecscience.tec.mx\\\/es\\\/?s={search_term_string}\"},\"query-input\":{\"@type\":\"PropertyValueSpecification\",\"valueRequired\":true,\"valueName\":\"search_term_string\"}}],\"inLanguage\":\"es\"},{\"@type\":\"Organization\",\"@id\":\"https:\\\/\\\/tecscience.tec.mx\\\/es\\\/#organization\",\"name\":\"TecScience\",\"url\":\"https:\\\/\\\/tecscience.tec.mx\\\/es\\\/\",\"logo\":{\"@type\":\"ImageObject\",\"inLanguage\":\"es\",\"@id\":\"https:\\\/\\\/tecscience.tec.mx\\\/es\\\/#\\\/schema\\\/logo\\\/image\\\/\",\"url\":\"https:\\\/\\\/tecscience.tec.mx\\\/es\\\/wp-content\\\/uploads\\\/sites\\\/8\\\/2022\\\/11\\\/logo-negro-tecscience.svg\",\"contentUrl\":\"https:\\\/\\\/tecscience.tec.mx\\\/es\\\/wp-content\\\/uploads\\\/sites\\\/8\\\/2022\\\/11\\\/logo-negro-tecscience.svg\",\"width\":250,\"height\":38,\"caption\":\"TecScience\"},\"image\":{\"@id\":\"https:\\\/\\\/tecscience.tec.mx\\\/es\\\/#\\\/schema\\\/logo\\\/image\\\/\"},\"sameAs\":[\"https:\\\/\\\/www.facebook.com\\\/TecScienceWeb\",\"https:\\\/\\\/x.com\\\/TecScience_\",\"https:\\\/\\\/www.linkedin.com\\\/company\\\/tec-science\\\/\",\"https:\\\/\\\/www.instagram.com\\\/tecscienceweb\\\/\"],\"publishingPrinciples\":\"https:\\\/\\\/tecscience.tec.mx\\\/es\\\/guia-de-publicacion-para-articulos-de-divulgacion\\\/\",\"correctionsPolicy\":\"https:\\\/\\\/tecscience.tec.mx\\\/es\\\/equipo-editorial-tecscience\\\/\"}]}<\/script>\n<!-- \/ Yoast SEO Premium plugin. -->","yoast_head_json":{"title":"Comit\u00e9 Editorial | TecScience","robots":{"index":"index","follow":"follow","max-snippet":"max-snippet:-1","max-image-preview":"max-image-preview:large","max-video-preview":"max-video-preview:-1"},"canonical":"https:\/\/tecscience.tec.mx\/es\/comite-editorial-tecscience\/","og_locale":"es_ES","og_type":"article","og_title":"Comit\u00e9 Editorial TecScience","og_description":"Jorge Valdez Director de Vinculaci\u00f3n de Internacionalizaci\u00f3n de TecSalud y Editor Cient\u00edfico en TecScience Roc\u00edo D\u00edaz de la Garza L\u00edder de la unidad de biolog\u00eda integrativa, Institute for Obesity Research Rita Fuentes L\u00edder de la unidad de tecnolog\u00edas habilitadoras para el desarrollo de materiales avanzados en el Institute of Advanced Materials for Sustainable Manufacturing Esteban [&hellip;]","og_url":"https:\/\/tecscience.tec.mx\/es\/comite-editorial-tecscience\/","og_site_name":"TecScience","article_publisher":"https:\/\/www.facebook.com\/TecScienceWeb","og_image":[{"width":1366,"height":1366,"url":"https:\/\/tecscience.tec.mx\/es\/wp-content\/uploads\/sites\/8\/2023\/02\/comite-editorial.jpg","type":"image\/jpeg"}],"twitter_card":"summary_large_image","twitter_site":"@TecScience_","twitter_misc":{"Tiempo de lectura":"1 minuto"},"schema":{"@context":"https:\/\/schema.org","@graph":[{"@type":"WebPage","@id":"https:\/\/tecscience.tec.mx\/es\/comite-editorial-tecscience\/","url":"https:\/\/tecscience.tec.mx\/es\/comite-editorial-tecscience\/","name":"Comit\u00e9 Editorial | TecScience","isPartOf":{"@id":"https:\/\/tecscience.tec.mx\/es\/#website"},"primaryImageOfPage":{"@id":"https:\/\/tecscience.tec.mx\/es\/comite-editorial-tecscience\/#primaryimage"},"image":{"@id":"https:\/\/tecscience.tec.mx\/es\/comite-editorial-tecscience\/#primaryimage"},"thumbnailUrl":"https:\/\/tecscience.tec.mx\/es\/wp-content\/uploads\/sites\/8\/2023\/02\/comite-editorial.jpg","datePublished":"2023-02-01T02:00:32+00:00","breadcrumb":{"@id":"https:\/\/tecscience.tec.mx\/es\/comite-editorial-tecscience\/#breadcrumb"},"inLanguage":"es","potentialAction":[{"@type":"ReadAction","target":["https:\/\/tecscience.tec.mx\/es\/comite-editorial-tecscience\/"]}]},{"@type":"ImageObject","inLanguage":"es","@id":"https:\/\/tecscience.tec.mx\/es\/comite-editorial-tecscience\/#primaryimage","url":"https:\/\/tecscience.tec.mx\/es\/wp-content\/uploads\/sites\/8\/2023\/02\/comite-editorial.jpg","contentUrl":"https:\/\/tecscience.tec.mx\/es\/wp-content\/uploads\/sites\/8\/2023\/02\/comite-editorial.jpg","width":1366,"height":1366,"caption":"logo de TecScience"},{"@type":"BreadcrumbList","@id":"https:\/\/tecscience.tec.mx\/es\/comite-editorial-tecscience\/#breadcrumb","itemListElement":[{"@type":"ListItem","position":1,"name":"Home","item":"https:\/\/tecscience.tec.mx\/es\/"},{"@type":"ListItem","position":2,"name":"Comit\u00e9 Editorial TecScience"}]},{"@type":"WebSite","@id":"https:\/\/tecscience.tec.mx\/es\/#website","url":"https:\/\/tecscience.tec.mx\/es\/","name":"TecScience","description":"Bilingual platform in charge of communicating advances in research, science and innovation at Tec","publisher":{"@id":"https:\/\/tecscience.tec.mx\/es\/#organization"},"potentialAction":[{"@type":"SearchAction","target":{"@type":"EntryPoint","urlTemplate":"https:\/\/tecscience.tec.mx\/es\/?s={search_term_string}"},"query-input":{"@type":"PropertyValueSpecification","valueRequired":true,"valueName":"search_term_string"}}],"inLanguage":"es"},{"@type":"Organization","@id":"https:\/\/tecscience.tec.mx\/es\/#organization","name":"TecScience","url":"https:\/\/tecscience.tec.mx\/es\/","logo":{"@type":"ImageObject","inLanguage":"es","@id":"https:\/\/tecscience.tec.mx\/es\/#\/schema\/logo\/image\/","url":"https:\/\/tecscience.tec.mx\/es\/wp-content\/uploads\/sites\/8\/2022\/11\/logo-negro-tecscience.svg","contentUrl":"https:\/\/tecscience.tec.mx\/es\/wp-content\/uploads\/sites\/8\/2022\/11\/logo-negro-tecscience.svg","width":250,"height":38,"caption":"TecScience"},"image":{"@id":"https:\/\/tecscience.tec.mx\/es\/#\/schema\/logo\/image\/"},"sameAs":["https:\/\/www.facebook.com\/TecScienceWeb","https:\/\/x.com\/TecScience_","https:\/\/www.linkedin.com\/company\/tec-science\/","https:\/\/www.instagram.com\/tecscienceweb\/"],"publishingPrinciples":"https:\/\/tecscience.tec.mx\/es\/guia-de-publicacion-para-articulos-de-divulgacion\/","correctionsPolicy":"https:\/\/tecscience.tec.mx\/es\/equipo-editorial-tecscience\/"}]}},"_links":{"self":[{"href":"https:\/\/tecscience.tec.mx\/es\/wp-json\/wp\/v2\/pages\/154893","targetHints":{"allow":["GET"]}}],"collection":[{"href":"https:\/\/tecscience.tec.mx\/es\/wp-json\/wp\/v2\/pages"}],"about":[{"href":"https:\/\/tecscience.tec.mx\/es\/wp-json\/wp\/v2\/types\/page"}],"author":[{"embeddable":true,"href":"https:\/\/tecscience.tec.mx\/es\/wp-json\/wp\/v2\/users\/18"}],"replies":[{"embeddable":true,"href":"https:\/\/tecscience.tec.mx\/es\/wp-json\/wp\/v2\/comments?post=154893"}],"version-history":[{"count":0,"href":"https:\/\/tecscience.tec.mx\/es\/wp-json\/wp\/v2\/pages\/154893\/revisions"}],"wp:featuredmedia":[{"embeddable":true,"href":"https:\/\/tecscience.tec.mx\/es\/wp-json\/wp\/v2\/media\/154897"}],"wp:attachment":[{"href":"https:\/\/tecscience.tec.mx\/es\/wp-json\/wp\/v2\/media?parent=154893"}],"curies":[{"name":"wp","href":"https:\/\/api.w.org\/{rel}","templated":true}]}}