{"id":155494,"date":"2023-02-28T23:22:11","date_gmt":"2023-02-28T23:22:11","guid":{"rendered":"https:\/\/tecscience.tec.mx\/es\/?page_id=155494"},"modified":"2026-02-10T09:52:47","modified_gmt":"2026-02-10T15:52:47","slug":"guia-de-publicacion-para-articulos-de-divulgacion","status":"publish","type":"page","link":"https:\/\/tecscience.tec.mx\/es\/guia-de-publicacion-para-articulos-de-divulgacion\/","title":{"rendered":"Gu\u00eda para publicar art\u00edculos de divulgaci\u00f3n"},"content":{"rendered":"\t\t<div data-elementor-type=\"wp-page\" data-elementor-id=\"155494\" class=\"elementor elementor-155494\" data-elementor-post-type=\"page\">\n\t\t\t\t<div class=\"elementor-element elementor-element-f69aefa e-ecs-flex e-flex e-con-boxed e-con e-parent\" data-id=\"f69aefa\" data-element_type=\"container\" data-e-type=\"container\" data-settings=\"{&quot;ecs_container_type&quot;:&quot;flex&quot;}\">\n\t\t\t\t\t<div class=\"e-con-inner\">\n\t\t<div class=\"elementor-element elementor-element-7420498 e-con-full e-ecs-flex e-flex e-con e-child\" data-id=\"7420498\" data-element_type=\"container\" data-e-type=\"container\" data-settings=\"{&quot;background_background&quot;:&quot;classic&quot;,&quot;ecs_container_type&quot;:&quot;flex&quot;}\">\n\t\t\t\t<div class=\"elementor-element elementor-element-9227ce2 elementor-widget elementor-widget-heading\" data-id=\"9227ce2\" data-element_type=\"widget\" data-e-type=\"widget\" data-widget_type=\"heading.default\">\n\t\t\t\t<div class=\"elementor-widget-container\">\n\t\t\t\t\t<h1 class=\"elementor-heading-title elementor-size-default\">Gu\u00eda para publicar art\u00edculos de divulgaci\u00f3n<\/h1>\t\t\t\t<\/div>\n\t\t\t\t<\/div>\n\t\t\t\t<div class=\"elementor-element elementor-element-73b62b6 elementor-widget elementor-widget-text-editor\" data-id=\"73b62b6\" data-element_type=\"widget\" data-e-type=\"widget\" data-widget_type=\"text-editor.default\">\n\t\t\t\t<div class=\"elementor-widget-container\">\n\t\t\t\t\t\t\t\t\t<p><strong>TecScience<\/strong> es la plataforma de divulgaci\u00f3n cient\u00edfica del Tecnol\u00f3gico de Monterrey. Cuenta con registro ISSN 2992-7668 y est\u00e1 indizada en Latindex.<\/p><p>Somos un espacio editorial para que investigadoras e investigadores del Tec \u2014y de otras instituciones\u2014 publiquen art\u00edculos de divulgaci\u00f3n cient\u00edfica, capaces de llegar de manera efectiva a audiencias estrat\u00e9gicas: p\u00fablico interesado en la ciencia, tomadores de decisiones, inversionistas, estudiantes universitarios y comunidad acad\u00e9mica de diversas \u00e1reas del conocimiento.<\/p><h2>Formatos de publicaci\u00f3n<\/h2><h3>Art\u00edculos de divulgaci\u00f3n basados en publicaciones cient\u00edficas<\/h3><p>Es la adaptaci\u00f3n de una investigaci\u00f3n validada a un art\u00edculo de divulgaci\u00f3n. Puede estar basado en un <em>paper<\/em>, una tesis, un cap\u00edtulo de libro o en un proyecto de investigaci\u00f3n con avances y resultados.<\/p><p>Lo escribe el mismo investigador o investigadora con un tono m\u00e1s accesible e interesante, sin perder rigor. TecScience env\u00eda estos textos a una revisi\u00f3n de pares, quienes observan que se cumplan los criterios propios de la divulgaci\u00f3n: que el texto sea claro, atractivo y riguroso.<\/p><h3>Art\u00edculos de divulgaci\u00f3n de Ciencia Amateur<\/h3><p>Estos art\u00edculos son escritos por estudiantes de pregrado y posgrado del Tecnol\u00f3gico de Monterrey, asesorados y dirigidos por un profesor o profesora activo.<\/p><p>Pueden tratar sobre un proyecto de investigaci\u00f3n en desarrollo o sobre un tema espec\u00edfico mediante una revisi\u00f3n de la literatura cient\u00edfica. Aunque no pasan por dictaminaci\u00f3n de pares, deben contar con respaldo cient\u00edfico vigente y estar avalados por un profesor asesor, quien firmar\u00e1 como <strong>autor revisor<\/strong>.<\/p><h2>Sobre el proceso de publicaci\u00f3n<\/h2><p>TecScience realiza una revisi\u00f3n de la gram\u00e1tica, el estilo y las referencias en la versi\u00f3n final del manuscrito.<\/p><p>El \u00e1rea editorial podr\u00e1 modificar el texto para ajustarlo al estilo de la publicaci\u00f3n, incluyendo t\u00edtulos, extracto y entrada del art\u00edculo.<\/p><p>Nuestra \u00e1rea editorial define la imagen destacada del art\u00edculo. Los autores podr\u00e1n proponer fotograf\u00edas para interiores.<\/p><p><strong>TecScience no cobra ni paga por publicar<\/strong> en la secci\u00f3n de Divulgaci\u00f3n Cient\u00edfica.<\/p><h2>Sobre el contenido<\/h2><ul><li>El contenido de los art\u00edculos es responsabilidad exclusiva de los autores.<\/li><li>En caso de coautor\u00eda, todos los autores pueden figurar en los cr\u00e9ditos y deben estar informados de la publicaci\u00f3n.<\/li><li>Los art\u00edculos firmados por estudiantes ser\u00e1n canalizados al formato de Ciencia Amateur.<\/li><li>Todo autor que publica adquiere el compromiso de evaluar, eventualmente, otro art\u00edculo escrito por un colega.<\/li><\/ul><h2>Caracter\u00edsticas del manuscrito<\/h2><p><strong>Tipo de archivo:<\/strong> Enviar el art\u00edculo en formato Word, sin dise\u00f1o y sin im\u00e1genes dentro del cuerpo del texto.<\/p><p><strong>Extensi\u00f3n:<\/strong> M\u00e1ximo 1,000 palabras (sin incluir referencias ni semblanza de los autores). Se sugiere una extensi\u00f3n promedio de 700 palabras (4,000 caracteres).<\/p><p><strong>Idioma:<\/strong> Los art\u00edculos se publicar\u00e1n en espa\u00f1ol e ingl\u00e9s. Las y los investigadores pueden entregar su texto en cualquiera de los dos idiomas. El equipo de TecScience se encargar\u00e1 de la traducci\u00f3n faltante.<\/p><p><strong>Tema:<\/strong> El art\u00edculo debe centrarse en los hallazgos principales de la investigaci\u00f3n. Se recomienda evitar iniciar con el \u201cestado del arte\u201d y, en su lugar, abrir con el resultado, conclusi\u00f3n o dato m\u00e1s relevante del estudio.<\/p><p><strong>Estilo:<\/strong> Explicativo, accesible e interesante, sin perder el rigor cient\u00edfico.<\/p><p><strong>Env\u00edo:<\/strong> Postula tu art\u00edculo en esta liga y completa el formulario correspondiente.<\/p><h2>Sobre el estilo TecScience<\/h2><ul><li>Utiliza p\u00e1rrafos cortos y claros.<\/li><li>Si se emplea terminolog\u00eda t\u00e9cnica, expl\u00edquela brevemente.<\/li><li>Evita la primera persona. Se sugiere el uso del modo impersonal o la tercera persona.<\/li><li>Atribuye las citas dentro del texto de manera numerada y enlista la bibliograf\u00eda completa al final.<\/li><li>Los art\u00edculos basados en <em>papers<\/em>, tesis o cap\u00edtulos de libro deben destacar claramente dicha referencia.<\/li><\/ul><h2>Gr\u00e1ficas y fotograf\u00edas<\/h2><p>Para ilustrar el art\u00edculo, es posible incluir alguno de los siguientes elementos, siempre con el cr\u00e9dito correspondiente:<\/p><ul><li>Fotograf\u00edas<\/li><li>Infograf\u00edas<\/li><li>Tablas estad\u00edsticas en Excel<\/li><\/ul><p>Las im\u00e1genes deben enviarse en alta resoluci\u00f3n, en formato <strong>.jpg<\/strong>, en un archivo separado al manuscrito. Favor de incluir el cr\u00e9dito de las im\u00e1genes.<\/p><p>En el caso de gr\u00e1ficas u otros apoyos visuales, deben subirse por separado en formato <strong>.jpg<\/strong> y acompa\u00f1arse de una breve descripci\u00f3n que explique c\u00f3mo interpretarlas y justifique su pertinencia dentro del art\u00edculo.<\/p>\t\t\t\t\t\t\t\t<\/div>\n\t\t\t\t<\/div>\n\t\t\t\t<div class=\"elementor-element elementor-element-f548c0b elementor-widget__width-initial elementor-widget elementor-widget-html\" data-id=\"f548c0b\" data-element_type=\"widget\" data-e-type=\"widget\" data-widget_type=\"html.default\">\n\t\t\t\t<div class=\"elementor-widget-container\">\n\t\t\t\t\t<style>\n.video-full {\n  position: relative;\n  width: 100%;\n  padding-bottom: 177.77%; \/* 9:16 ratio para Shorts vertical *\/\n  height: 0;\n}\n.video-full iframe {\n  position: absolute;\n  top: 0;\n  left: 0;\n  width: 100%;\n  height: 100%;\n}\n<\/style>\n\n<div class=\"video-full\">\n  <iframe\n    src=\"https:\/\/www.youtube.com\/embed\/bfLKY1K3bxo\"\n    title=\"YouTube video player\"\n    frameborder=\"0\"\n    allow=\"accelerometer; autoplay; clipboard-write; encrypted-media; gyroscope; picture-in-picture; web-share\"\n    allowfullscreen\n  ><\/iframe>\n<\/div>\n\t\t\t\t<\/div>\n\t\t\t\t<\/div>\n\t\t\t\t<div class=\"elementor-element elementor-element-92498af elementor-align-left elementor-widget__width-initial elementor-widget elementor-widget-button\" data-id=\"92498af\" data-element_type=\"widget\" data-e-type=\"widget\" data-widget_type=\"button.default\">\n\t\t\t\t<div class=\"elementor-widget-container\">\n\t\t\t\t\t\t\t\t\t<div class=\"elementor-button-wrapper\">\n\t\t\t\t\t<a class=\"elementor-button elementor-button-link elementor-size-sm\" href=\"https:\/\/docs.google.com\/forms\/u\/0\/d\/1AybsoTmQ4jy9PnI0ib4zrYviwuwcqh6ZtwFW8lDu2WE\/viewform?edit_requested=true\">\n\t\t\t\t\t\t<span class=\"elementor-button-content-wrapper\">\n\t\t\t\t\t\t\t\t\t<span class=\"elementor-button-text\">Postula tu art\u00edculo<\/span>\n\t\t\t\t\t<\/span>\n\t\t\t\t\t<\/a>\n\t\t\t\t<\/div>\n\t\t\t\t\t\t\t\t<\/div>\n\t\t\t\t<\/div>\n\t\t\t\t<\/div>\n\t\t\t\t\t<\/div>\n\t\t\t\t<\/div>\n\t\t\t\t<\/div>\n\t\t","protected":false},"excerpt":{"rendered":"<p>Gu\u00eda para publicar art\u00edculos de divulgaci\u00f3n TecScience es la plataforma de divulgaci\u00f3n cient\u00edfica del Tecnol\u00f3gico de Monterrey. Cuenta con registro ISSN 2992-7668 y est\u00e1 indizada en Latindex. Somos un espacio editorial para que investigadoras e investigadores del Tec \u2014y de otras instituciones\u2014 publiquen art\u00edculos de divulgaci\u00f3n cient\u00edfica, capaces de llegar de manera efectiva a audiencias [&hellip;]<\/p>\n","protected":false},"author":18,"featured_media":155496,"parent":0,"menu_order":0,"comment_status":"closed","ping_status":"closed","template":"","meta":{"_acf_changed":false,"_eb_attr":"","footnotes":""},"class_list":["post-155494","page","type-page","status-publish","has-post-thumbnail","hentry"],"acf":[],"yoast_head":"<!-- This site is optimized with the Yoast SEO Premium plugin v21.0 (Yoast SEO v27.5) - https:\/\/yoast.com\/product\/yoast-seo-premium-wordpress\/ -->\n<title>Gu\u00eda para publicar art\u00edculos de divulgaci\u00f3n - TecScience<\/title>\n<meta name=\"description\" content=\"Si quieres publicar un art\u00edculo de divulgaci\u00f3n en TecScience, toma en cuenta estos aspectos que se refieren al estilo y la extensi\u00f3n.\" \/>\n<meta name=\"robots\" content=\"index, follow, max-snippet:-1, max-image-preview:large, max-video-preview:-1\" \/>\n<link rel=\"canonical\" href=\"https:\/\/tecscience.tec.mx\/es\/guia-de-publicacion-para-articulos-de-divulgacion\/\" \/>\n<meta property=\"og:locale\" content=\"es_ES\" \/>\n<meta property=\"og:type\" content=\"article\" \/>\n<meta property=\"og:title\" content=\"Gu\u00eda para publicar art\u00edculos de divulgaci\u00f3n\" \/>\n<meta property=\"og:description\" content=\"Si quieres publicar un art\u00edculo de divulgaci\u00f3n en TecScience, toma en cuenta estos aspectos que se refieren al estilo y la extensi\u00f3n.\" \/>\n<meta property=\"og:url\" content=\"https:\/\/tecscience.tec.mx\/es\/guia-de-publicacion-para-articulos-de-divulgacion\/\" \/>\n<meta property=\"og:site_name\" content=\"TecScience\" \/>\n<meta property=\"article:publisher\" content=\"https:\/\/www.facebook.com\/TecScienceWeb\" \/>\n<meta property=\"article:modified_time\" content=\"2026-02-10T15:52:47+00:00\" \/>\n<meta property=\"og:image\" content=\"https:\/\/tecscience.tec.mx\/es\/wp-content\/uploads\/sites\/8\/2023\/02\/Logotipo_N-copy-scaled.jpg\" \/>\n\t<meta property=\"og:image:width\" content=\"2560\" \/>\n\t<meta property=\"og:image:height\" content=\"715\" \/>\n\t<meta property=\"og:image:type\" content=\"image\/jpeg\" \/>\n<meta name=\"twitter:card\" content=\"summary_large_image\" \/>\n<meta name=\"twitter:site\" content=\"@TecScience_\" \/>\n<meta name=\"twitter:label1\" content=\"Tiempo de lectura\" \/>\n\t<meta name=\"twitter:data1\" content=\"3 minutos\" \/>\n<script type=\"application\/ld+json\" class=\"yoast-schema-graph\">{\"@context\":\"https:\\\/\\\/schema.org\",\"@graph\":[{\"@type\":\"WebPage\",\"@id\":\"https:\\\/\\\/tecscience.tec.mx\\\/es\\\/guia-de-publicacion-para-articulos-de-divulgacion\\\/\",\"url\":\"https:\\\/\\\/tecscience.tec.mx\\\/es\\\/guia-de-publicacion-para-articulos-de-divulgacion\\\/\",\"name\":\"Gu\u00eda para publicar art\u00edculos de divulgaci\u00f3n - TecScience\",\"isPartOf\":{\"@id\":\"https:\\\/\\\/tecscience.tec.mx\\\/es\\\/#website\"},\"primaryImageOfPage\":{\"@id\":\"https:\\\/\\\/tecscience.tec.mx\\\/es\\\/guia-de-publicacion-para-articulos-de-divulgacion\\\/#primaryimage\"},\"image\":{\"@id\":\"https:\\\/\\\/tecscience.tec.mx\\\/es\\\/guia-de-publicacion-para-articulos-de-divulgacion\\\/#primaryimage\"},\"thumbnailUrl\":\"https:\\\/\\\/tecscience.tec.mx\\\/es\\\/wp-content\\\/uploads\\\/sites\\\/8\\\/2023\\\/02\\\/Logotipo_N-copy-scaled.jpg\",\"datePublished\":\"2023-02-28T23:22:11+00:00\",\"dateModified\":\"2026-02-10T15:52:47+00:00\",\"description\":\"Si quieres publicar un art\u00edculo de divulgaci\u00f3n en TecScience, toma en cuenta estos aspectos que se refieren al estilo y la extensi\u00f3n.\",\"breadcrumb\":{\"@id\":\"https:\\\/\\\/tecscience.tec.mx\\\/es\\\/guia-de-publicacion-para-articulos-de-divulgacion\\\/#breadcrumb\"},\"inLanguage\":\"es\",\"potentialAction\":[{\"@type\":\"ReadAction\",\"target\":[\"https:\\\/\\\/tecscience.tec.mx\\\/es\\\/guia-de-publicacion-para-articulos-de-divulgacion\\\/\"]}]},{\"@type\":\"ImageObject\",\"inLanguage\":\"es\",\"@id\":\"https:\\\/\\\/tecscience.tec.mx\\\/es\\\/guia-de-publicacion-para-articulos-de-divulgacion\\\/#primaryimage\",\"url\":\"https:\\\/\\\/tecscience.tec.mx\\\/es\\\/wp-content\\\/uploads\\\/sites\\\/8\\\/2023\\\/02\\\/Logotipo_N-copy-scaled.jpg\",\"contentUrl\":\"https:\\\/\\\/tecscience.tec.mx\\\/es\\\/wp-content\\\/uploads\\\/sites\\\/8\\\/2023\\\/02\\\/Logotipo_N-copy-scaled.jpg\",\"width\":2560,\"height\":715,\"caption\":\"Logo TecScience\"},{\"@type\":\"BreadcrumbList\",\"@id\":\"https:\\\/\\\/tecscience.tec.mx\\\/es\\\/guia-de-publicacion-para-articulos-de-divulgacion\\\/#breadcrumb\",\"itemListElement\":[{\"@type\":\"ListItem\",\"position\":1,\"name\":\"Home\",\"item\":\"https:\\\/\\\/tecscience.tec.mx\\\/es\\\/\"},{\"@type\":\"ListItem\",\"position\":2,\"name\":\"Gu\u00eda para publicar art\u00edculos de divulgaci\u00f3n\"}]},{\"@type\":\"WebSite\",\"@id\":\"https:\\\/\\\/tecscience.tec.mx\\\/es\\\/#website\",\"url\":\"https:\\\/\\\/tecscience.tec.mx\\\/es\\\/\",\"name\":\"TecScience\",\"description\":\"Bilingual platform in charge of communicating advances in research, science and innovation at Tec\",\"publisher\":{\"@id\":\"https:\\\/\\\/tecscience.tec.mx\\\/es\\\/#organization\"},\"potentialAction\":[{\"@type\":\"SearchAction\",\"target\":{\"@type\":\"EntryPoint\",\"urlTemplate\":\"https:\\\/\\\/tecscience.tec.mx\\\/es\\\/?s={search_term_string}\"},\"query-input\":{\"@type\":\"PropertyValueSpecification\",\"valueRequired\":true,\"valueName\":\"search_term_string\"}}],\"inLanguage\":\"es\"},{\"@type\":\"Organization\",\"@id\":\"https:\\\/\\\/tecscience.tec.mx\\\/es\\\/#organization\",\"name\":\"TecScience\",\"url\":\"https:\\\/\\\/tecscience.tec.mx\\\/es\\\/\",\"logo\":{\"@type\":\"ImageObject\",\"inLanguage\":\"es\",\"@id\":\"https:\\\/\\\/tecscience.tec.mx\\\/es\\\/#\\\/schema\\\/logo\\\/image\\\/\",\"url\":\"https:\\\/\\\/tecscience.tec.mx\\\/es\\\/wp-content\\\/uploads\\\/sites\\\/8\\\/2022\\\/11\\\/logo-negro-tecscience.svg\",\"contentUrl\":\"https:\\\/\\\/tecscience.tec.mx\\\/es\\\/wp-content\\\/uploads\\\/sites\\\/8\\\/2022\\\/11\\\/logo-negro-tecscience.svg\",\"width\":250,\"height\":38,\"caption\":\"TecScience\"},\"image\":{\"@id\":\"https:\\\/\\\/tecscience.tec.mx\\\/es\\\/#\\\/schema\\\/logo\\\/image\\\/\"},\"sameAs\":[\"https:\\\/\\\/www.facebook.com\\\/TecScienceWeb\",\"https:\\\/\\\/x.com\\\/TecScience_\",\"https:\\\/\\\/www.linkedin.com\\\/company\\\/tec-science\\\/\",\"https:\\\/\\\/www.instagram.com\\\/tecscienceweb\\\/\"],\"publishingPrinciples\":\"https:\\\/\\\/tecscience.tec.mx\\\/es\\\/guia-de-publicacion-para-articulos-de-divulgacion\\\/\",\"correctionsPolicy\":\"https:\\\/\\\/tecscience.tec.mx\\\/es\\\/equipo-editorial-tecscience\\\/\"}]}<\/script>\n<!-- \/ Yoast SEO Premium plugin. -->","yoast_head_json":{"title":"Gu\u00eda para publicar art\u00edculos de divulgaci\u00f3n - TecScience","description":"Si quieres publicar un art\u00edculo de divulgaci\u00f3n en TecScience, toma en cuenta estos aspectos que se refieren al estilo y la extensi\u00f3n.","robots":{"index":"index","follow":"follow","max-snippet":"max-snippet:-1","max-image-preview":"max-image-preview:large","max-video-preview":"max-video-preview:-1"},"canonical":"https:\/\/tecscience.tec.mx\/es\/guia-de-publicacion-para-articulos-de-divulgacion\/","og_locale":"es_ES","og_type":"article","og_title":"Gu\u00eda para publicar art\u00edculos de divulgaci\u00f3n","og_description":"Si quieres publicar un art\u00edculo de divulgaci\u00f3n en TecScience, toma en cuenta estos aspectos que se refieren al estilo y la extensi\u00f3n.","og_url":"https:\/\/tecscience.tec.mx\/es\/guia-de-publicacion-para-articulos-de-divulgacion\/","og_site_name":"TecScience","article_publisher":"https:\/\/www.facebook.com\/TecScienceWeb","article_modified_time":"2026-02-10T15:52:47+00:00","og_image":[{"width":2560,"height":715,"url":"https:\/\/tecscience.tec.mx\/es\/wp-content\/uploads\/sites\/8\/2023\/02\/Logotipo_N-copy-scaled.jpg","type":"image\/jpeg"}],"twitter_card":"summary_large_image","twitter_site":"@TecScience_","twitter_misc":{"Tiempo de lectura":"3 minutos"},"schema":{"@context":"https:\/\/schema.org","@graph":[{"@type":"WebPage","@id":"https:\/\/tecscience.tec.mx\/es\/guia-de-publicacion-para-articulos-de-divulgacion\/","url":"https:\/\/tecscience.tec.mx\/es\/guia-de-publicacion-para-articulos-de-divulgacion\/","name":"Gu\u00eda para publicar art\u00edculos de divulgaci\u00f3n - TecScience","isPartOf":{"@id":"https:\/\/tecscience.tec.mx\/es\/#website"},"primaryImageOfPage":{"@id":"https:\/\/tecscience.tec.mx\/es\/guia-de-publicacion-para-articulos-de-divulgacion\/#primaryimage"},"image":{"@id":"https:\/\/tecscience.tec.mx\/es\/guia-de-publicacion-para-articulos-de-divulgacion\/#primaryimage"},"thumbnailUrl":"https:\/\/tecscience.tec.mx\/es\/wp-content\/uploads\/sites\/8\/2023\/02\/Logotipo_N-copy-scaled.jpg","datePublished":"2023-02-28T23:22:11+00:00","dateModified":"2026-02-10T15:52:47+00:00","description":"Si quieres publicar un art\u00edculo de divulgaci\u00f3n en TecScience, toma en cuenta estos aspectos que se refieren al estilo y la extensi\u00f3n.","breadcrumb":{"@id":"https:\/\/tecscience.tec.mx\/es\/guia-de-publicacion-para-articulos-de-divulgacion\/#breadcrumb"},"inLanguage":"es","potentialAction":[{"@type":"ReadAction","target":["https:\/\/tecscience.tec.mx\/es\/guia-de-publicacion-para-articulos-de-divulgacion\/"]}]},{"@type":"ImageObject","inLanguage":"es","@id":"https:\/\/tecscience.tec.mx\/es\/guia-de-publicacion-para-articulos-de-divulgacion\/#primaryimage","url":"https:\/\/tecscience.tec.mx\/es\/wp-content\/uploads\/sites\/8\/2023\/02\/Logotipo_N-copy-scaled.jpg","contentUrl":"https:\/\/tecscience.tec.mx\/es\/wp-content\/uploads\/sites\/8\/2023\/02\/Logotipo_N-copy-scaled.jpg","width":2560,"height":715,"caption":"Logo TecScience"},{"@type":"BreadcrumbList","@id":"https:\/\/tecscience.tec.mx\/es\/guia-de-publicacion-para-articulos-de-divulgacion\/#breadcrumb","itemListElement":[{"@type":"ListItem","position":1,"name":"Home","item":"https:\/\/tecscience.tec.mx\/es\/"},{"@type":"ListItem","position":2,"name":"Gu\u00eda para publicar art\u00edculos de divulgaci\u00f3n"}]},{"@type":"WebSite","@id":"https:\/\/tecscience.tec.mx\/es\/#website","url":"https:\/\/tecscience.tec.mx\/es\/","name":"TecScience","description":"Bilingual platform in charge of communicating advances in research, science and innovation at Tec","publisher":{"@id":"https:\/\/tecscience.tec.mx\/es\/#organization"},"potentialAction":[{"@type":"SearchAction","target":{"@type":"EntryPoint","urlTemplate":"https:\/\/tecscience.tec.mx\/es\/?s={search_term_string}"},"query-input":{"@type":"PropertyValueSpecification","valueRequired":true,"valueName":"search_term_string"}}],"inLanguage":"es"},{"@type":"Organization","@id":"https:\/\/tecscience.tec.mx\/es\/#organization","name":"TecScience","url":"https:\/\/tecscience.tec.mx\/es\/","logo":{"@type":"ImageObject","inLanguage":"es","@id":"https:\/\/tecscience.tec.mx\/es\/#\/schema\/logo\/image\/","url":"https:\/\/tecscience.tec.mx\/es\/wp-content\/uploads\/sites\/8\/2022\/11\/logo-negro-tecscience.svg","contentUrl":"https:\/\/tecscience.tec.mx\/es\/wp-content\/uploads\/sites\/8\/2022\/11\/logo-negro-tecscience.svg","width":250,"height":38,"caption":"TecScience"},"image":{"@id":"https:\/\/tecscience.tec.mx\/es\/#\/schema\/logo\/image\/"},"sameAs":["https:\/\/www.facebook.com\/TecScienceWeb","https:\/\/x.com\/TecScience_","https:\/\/www.linkedin.com\/company\/tec-science\/","https:\/\/www.instagram.com\/tecscienceweb\/"],"publishingPrinciples":"https:\/\/tecscience.tec.mx\/es\/guia-de-publicacion-para-articulos-de-divulgacion\/","correctionsPolicy":"https:\/\/tecscience.tec.mx\/es\/equipo-editorial-tecscience\/"}]}},"_links":{"self":[{"href":"https:\/\/tecscience.tec.mx\/es\/wp-json\/wp\/v2\/pages\/155494","targetHints":{"allow":["GET"]}}],"collection":[{"href":"https:\/\/tecscience.tec.mx\/es\/wp-json\/wp\/v2\/pages"}],"about":[{"href":"https:\/\/tecscience.tec.mx\/es\/wp-json\/wp\/v2\/types\/page"}],"author":[{"embeddable":true,"href":"https:\/\/tecscience.tec.mx\/es\/wp-json\/wp\/v2\/users\/18"}],"replies":[{"embeddable":true,"href":"https:\/\/tecscience.tec.mx\/es\/wp-json\/wp\/v2\/comments?post=155494"}],"version-history":[{"count":0,"href":"https:\/\/tecscience.tec.mx\/es\/wp-json\/wp\/v2\/pages\/155494\/revisions"}],"wp:featuredmedia":[{"embeddable":true,"href":"https:\/\/tecscience.tec.mx\/es\/wp-json\/wp\/v2\/media\/155496"}],"wp:attachment":[{"href":"https:\/\/tecscience.tec.mx\/es\/wp-json\/wp\/v2\/media?parent=155494"}],"curies":[{"name":"wp","href":"https:\/\/api.w.org\/{rel}","templated":true}]}}