{"id":164013,"date":"2024-05-09T13:27:14","date_gmt":"2024-05-09T19:27:14","guid":{"rendered":"https:\/\/tecscience.tec.mx\/es\/?page_id=164013"},"modified":"2024-05-09T13:30:34","modified_gmt":"2024-05-09T19:30:34","slug":"guia-para-publicar-articulos-en-ciencia-amateur","status":"publish","type":"page","link":"https:\/\/tecscience.tec.mx\/es\/guia-para-publicar-articulos-en-ciencia-amateur\/","title":{"rendered":"Gu\u00eda para publicar art\u00edculos en Ciencia Amateur"},"content":{"rendered":"\t\t<div data-elementor-type=\"wp-page\" data-elementor-id=\"164013\" class=\"elementor elementor-164013\" data-elementor-post-type=\"page\">\n\t\t\t\t\t\t<section class=\"elementor-section elementor-top-section elementor-element elementor-element-4c256bf elementor-section-boxed elementor-section-height-default elementor-section-height-default\" data-id=\"4c256bf\" data-element_type=\"section\" data-e-type=\"section\">\n\t\t\t\t\t\t<div class=\"elementor-container elementor-column-gap-default\">\n\t\t\t\t\t<div class=\"elementor-column elementor-col-100 elementor-top-column elementor-element elementor-element-bb8cd51\" data-id=\"bb8cd51\" data-element_type=\"column\" data-e-type=\"column\">\n\t\t\t<div class=\"elementor-widget-wrap elementor-element-populated\">\n\t\t\t\t\t\t<div class=\"elementor-element elementor-element-00c977e elementor-widget elementor-widget-heading\" data-id=\"00c977e\" data-element_type=\"widget\" data-e-type=\"widget\" data-widget_type=\"heading.default\">\n\t\t\t\t<div class=\"elementor-widget-container\">\n\t\t\t\t\t<h1 class=\"elementor-heading-title elementor-size-default\">Gu\u00eda para publicar art\u00edculos en Ciencia Amateur<\/h1>\t\t\t\t<\/div>\n\t\t\t\t<\/div>\n\t\t\t\t<div class=\"elementor-element elementor-element-6e9d3da elementor-widget elementor-widget-text-editor\" data-id=\"6e9d3da\" data-element_type=\"widget\" data-e-type=\"widget\" data-widget_type=\"text-editor.default\">\n\t\t\t\t<div class=\"elementor-widget-container\">\n\t\t\t\t\t\t\t\t\t<p><span style=\"font-weight: 400;\">La plataforma editorial de investigaci\u00f3n del Tec de Monterrey, <\/span><b>TecScience<\/b><span style=\"font-weight: 400;\">, busca ser un espacio para que los estudiantes de nuestra instituci\u00f3n \u2013a partir de licenciatura\u2013 puedan comenzar a hacer sus primeras publicaciones de divulgaci\u00f3n apoyados y dirigidos por alg\u00fan profesor investigador del Tec de Monterrey&nbsp; .<\/span><\/p>\n<p><span style=\"font-weight: 400;\">En la tem\u00e1tica de estos textos, se pide que hagan alguna referencia a un proyecto que se est\u00e9 realizando en el Tec de Monterrey.&nbsp;<\/span><\/p>\n<p><span style=\"font-weight: 400;\">A continuaci\u00f3n, enlistamos una serie de aspectos a tomar en cuenta:&nbsp;<\/span><\/p>\n<h3><span style=\"font-weight: 400;\">Postulaci\u00f3n del art\u00edculo<\/span><\/h3>\n<p><span style=\"font-weight: 400;\">El art\u00edculo debe ser validado y postulado por un profesor investigador del Tec.<\/span><\/p>\n<h3><span style=\"font-weight: 400;\">Extensi\u00f3n total del art\u00edculo&nbsp;<\/span><\/h3>\n<p><span style=\"font-weight: 400;\">Buscamos que el art\u00edculo sea de 700 palabras (4,000 caracteres aproximadamente).<\/span><\/p>\n<h3><span style=\"font-weight: 400;\">Idioma<\/span><\/h3>\n<p><span style=\"font-weight: 400;\">Los art\u00edculos se publicar\u00e1n en espa\u00f1ol.&nbsp;<\/span><\/p>\n<h3><span style=\"font-weight: 400;\">Tema y estilo<\/span><\/h3>\n<p><span style=\"font-weight: 400;\">El tema debe ser relevante y atractivo para lectores no especializados.&nbsp;<\/span><\/p>\n<p><span style=\"font-weight: 400;\">El estilo debe tener la estructura de una secuencia explicativa (difundir la informaci\u00f3n, explicarla, interpretarla, aclarar las ideas y agregar una conclusi\u00f3n).<\/span><\/p>\n<p><span style=\"font-weight: 400;\">Tomar en cuenta el modelo tr\u00edpode de la comunicaci\u00f3n p\u00fablica de la ciencia que consiste en que el texto sea:&nbsp;&nbsp;<\/span><\/p>\n<ol>\n<li style=\"font-weight: 400;\" aria-level=\"1\"><span style=\"font-weight: 400;\">Accesible (claro)<\/span><\/li>\n<li style=\"font-weight: 400;\" aria-level=\"1\"><span style=\"font-weight: 400;\">Interesante (atractivo)<\/span><\/li>\n<li style=\"font-weight: 400;\" aria-level=\"1\"><span style=\"font-weight: 400;\">Riguroso (fiel a una investigaci\u00f3n)<\/span><\/li>\n<\/ol>\n<h3><span style=\"font-weight: 400;\">Lenguaje<\/span><\/h3>\n<p><span style=\"font-weight: 400;\">El lenguaje del art\u00edculo de divulgaci\u00f3n cient\u00edfica debe ser \u00e1gil, claro y de f\u00e1cil comprensi\u00f3n para el lector no especializado, evitando el lenguaje t\u00e9cnico.<\/span><\/p>\n<p><span style=\"font-weight: 400;\">Recomendamos usar oraciones sencillas, adem\u00e1s de p\u00e1rrafos cortos.&nbsp;<\/span><\/p>\n<h3><span style=\"font-weight: 400;\">Contar una historia<\/span><\/h3>\n<p><span style=\"font-weight: 400;\">Todo el tiempo contamos historias. Las historias nos ayudan a comprender el mundo y nos hacen empatizar con los dem\u00e1s. La narrativa en la ciencia es igual. Sugerimos que el art\u00edculo de divulgaci\u00f3n cuente una historia alrededor de un tema de investigaci\u00f3n. No se trata de cambiar los hechos, sino de presentarlo de forma atractiva y que sea m\u00e1s f\u00e1cil de entender.&nbsp;<\/span><\/p>\n<p><span style=\"font-weight: 400;\">Las historias tambi\u00e9n nos ayudan a entender la relevancia de la ciencia sobre la que estamos hablando y c\u00f3mo puede contribuir a la sociedad.&nbsp;<\/span><\/p>\n<p><span style=\"font-weight: 400;\">En el equipo editorial de <\/span><b>TecScience<\/b><span style=\"font-weight: 400;\"> estaremos siempre atentos a las dudas que surjan durante la redacci\u00f3n del texto.&nbsp;<\/span><\/p>\n<h3><span style=\"font-weight: 400;\">Partes de un art\u00edculo<\/span><\/h3>\n<p><b>Encabezado o t\u00edtulo:<\/b><span style=\"font-weight: 400;\"> Breve y muy atractivo, sin tecnicismos (no utilizar el t\u00edtulo del art\u00edculo cient\u00edfico). Un consejo adicional es pensar en palabras clave e incluirlas en el t\u00edtulo.&nbsp;<\/span><\/p>\n<p><b>Sumario: <\/b><span style=\"font-weight: 400;\">Un p\u00e1rrafo explicando de qu\u00e9 se trata, no es necesario incluir las conclusiones (resumen)<\/span><\/p>\n<p><b>Entrada:<\/b><span style=\"font-weight: 400;\"> Marcar\u00e1 el tono del art\u00edculo. Busca sorprender, captar la atenci\u00f3n y resumir sobre el tema del que escribiremos. La entrada debe captar la atenci\u00f3n del lector, ganarlo para la lectura, ser atractiva y sugerente. Se recomienda utilizar la estructura de pir\u00e1mide invertida, que sugiere organizar la informaci\u00f3n de mayor a menor importancia, respondiendo a las preguntas: \u00bfqu\u00e9?, \u00bfqui\u00e9n?, \u00bfc\u00f3mo?, \u00bfcu\u00e1ndo? y \u00bfd\u00f3nde?<\/span><\/p>\n<p><b>Cuerpo o desarrollo: <\/b><span style=\"font-weight: 400;\">Se explican o se detallan las ideas principales.<\/span><\/p>\n<ul>\n<li style=\"font-weight: 400;\" aria-level=\"1\"><span style=\"font-weight: 400;\">Utiliza ejemplos (a trav\u00e9s de ellos se aclara una teor\u00eda o un concepto).<\/span><\/li>\n<li style=\"font-weight: 400;\" aria-level=\"1\"><span style=\"font-weight: 400;\">Utiliza analog\u00edas o comparaciones (ayudan a que un concepto abstracto se vuelva m\u00e1s cercano y comprensible para el lector)<\/span><\/li>\n<li style=\"font-weight: 400;\" aria-level=\"1\"><span style=\"font-weight: 400;\">Divide el texto en subt\u00edtulos (a trav\u00e9s de categor\u00edas o agrupaciones se puede organizar mejor el contenido de un art\u00edculo)<\/span><\/li>\n<\/ul><div><br><\/div>\n<p><b>Final: <\/b><span style=\"font-weight: 400;\">Plantea una evaluaci\u00f3n sobre el tema para dar un cierre contundente. Expresa los posibles beneficios de dicha investigaci\u00f3n.<\/span><\/p>\n<p><b>Referencias:<\/b><span style=\"font-weight: 400;\"> En cada una incluye el nombre del autor o entidad, a\u00f1o de publicaci\u00f3n, nombre del art\u00edculo y link cuando lo haya.&nbsp;<\/span><\/p>\n<p><b>Ficha del autor: <\/b><span style=\"font-weight: 400;\">Breve semblanza profesional (Cinco l\u00edneas m\u00e1ximo).<\/span><\/p>\n<p><b>Ficha del profesor investigador que supervis\u00f3 el art\u00edculo de Ciencia Amateur.<\/b><span style=\"font-weight: 400;\">&nbsp;<\/span><\/p>\n<h3>&nbsp;<\/h3>\n<h3><span style=\"font-weight: 400;\">Claves para escribir un buen art\u00edculo<\/span><\/h3>\n<p><span style=\"font-weight: 400;\">Utiliza p\u00e1rrafos cortos.<\/span><\/p>\n<p><span style=\"font-weight: 400;\">Usa la estructura simple del enunciado (sujeto+verbo+predicado).<\/span><\/p>\n<p><span style=\"font-weight: 400;\">Emplea sin\u00f3nimos, met\u00e1foras, analog\u00edas o ejemplos para explicar mejor una idea compleja.<\/span><\/p>\n<p><span style=\"font-weight: 400;\">Evita el exceso de tecnicismos. Si es necesario emplear un t\u00e9rmino t\u00e9cnico, incluye una definici\u00f3n sencilla.<\/span><\/p>\n<p><span style=\"font-weight: 400;\">Humaniza el tema, de manera que el lector pueda relacionar los avances de la ciencia con su vida cotidiana.<\/span><\/p>\n<p><span style=\"font-weight: 400;\">Escribe&nbsp; en tercera persona. Aunque en caso de describir una investigaci\u00f3n propia, pueden referirse en primera persona.&nbsp;<\/span><\/p>\n<p><span style=\"font-weight: 400;\">Atribuye las citas a las referencias dentro del cuerpo del texto y anota las referencias completas al final del texto.&nbsp;<\/span><\/p>\n<p><b>NOTA: <\/b><span style=\"font-weight: 400;\">Recomendamos comenzar con la t\u00e9cnica narrativa de la pir\u00e1mide invertida. Esto significa que en el primer p\u00e1rrafo se ofrece el dato m\u00e1s novedoso, la conclusi\u00f3n o el resultado de la investigaci\u00f3n con el objetivo de enganchar al lector. No recomendamos comenzar con el \u201cestado del arte\u201d del tema a abordar, como ocurrir\u00eda en una pieza meramente cient\u00edfica.&nbsp;<\/span><\/p>\n<h3><span style=\"font-weight: 400;\">Recursos de apoyo<\/span><\/h3>\n<p><span style=\"font-weight: 400;\">Para ilustrar mejor el art\u00edculo, es ideal contar con al menos uno de los siguientes elementos e incluir el cr\u00e9dito correspondiente. (No se pueden publicar im\u00e1genes de las cuales no se tengan derechos).&nbsp;<\/span><\/p>\n<ul>\n<li style=\"font-weight: 400;\" aria-level=\"1\"><span style=\"font-weight: 400;\">Recuadros con informaci\u00f3n complementaria<\/span><\/li>\n<li style=\"font-weight: 400;\" aria-level=\"1\"><span style=\"font-weight: 400;\">Fotograf\u00edas<\/span><\/li>\n<li style=\"font-weight: 400;\" aria-level=\"1\"><span style=\"font-weight: 400;\">Infograf\u00edas<\/span><\/li>\n<li style=\"font-weight: 400;\" aria-level=\"1\"><span style=\"font-weight: 400;\">Cuadros estad\u00edsticos<\/span><\/li>\n<li style=\"font-weight: 400;\" aria-level=\"1\"><span style=\"font-weight: 400;\">Ilustraciones<\/span><\/li>\n<li style=\"font-weight: 400;\" aria-level=\"1\"><span style=\"font-weight: 400;\">Dibujos<\/span><\/li>\n<li style=\"font-weight: 400;\" aria-level=\"1\"><span style=\"font-weight: 400;\">Glosarios<\/span><\/li>\n<\/ul><div><br><\/div>\n<p><b>NOTA:<\/b><span style=\"font-weight: 400;\"> Manda las fotos en alta resoluci\u00f3n en formato jpg, con un peso aproximado de 100Kb, en un archivo separado al art\u00edculo. Favor de incluir el cr\u00e9dito de las im\u00e1genes.&nbsp;<\/span><\/p>\n<p><span style=\"font-weight: 400;\">En el caso de gr\u00e1ficas y otros apoyos visuales, tambi\u00e9n mandarlas por separado en jpg y describir en un par de l\u00edneas qu\u00e9 debemos observar o c\u00f3mo leerlas para justificar su pertinencia dentro del art\u00edculo.<\/span><\/p>\n<p><span style=\"font-weight: 400;\">Comparte con anticipaci\u00f3n los materiales que consideres pertinentes para ilustrar el art\u00edculo.&nbsp;<\/span><\/p>\n<h3><span style=\"font-weight: 400;\">Comentarios importantes<\/span><\/h3>\n<ul>\n<li style=\"font-weight: 400;\" aria-level=\"1\"><span style=\"font-weight: 400;\">El contenido de los art\u00edculos es responsabilidad exclusiva de los autores, quienes deben firmar la carta de autorizaci\u00f3n para uso de obra.<\/span><\/li>\n<li style=\"font-weight: 400;\" aria-level=\"1\"><span style=\"font-weight: 400;\">Si hay coautor\u00eda, todos los autores pueden figurar en los cr\u00e9ditos y estar informados de la publicaci\u00f3n.<\/span><\/li>\n<li style=\"font-weight: 400;\" aria-level=\"1\"><span style=\"font-weight: 400;\">El contenido del art\u00edculo debe partir de un proyecto de investigaci\u00f3n propio, desarrollado en el Tecnol\u00f3gico de Monterrey y publicado en una revista cient\u00edfica.<\/span><\/li>\n<li style=\"font-weight: 400;\" aria-level=\"1\"><span style=\"font-weight: 400;\">El contenido no debe atentar contra los valores institucionales o contra terceras personas y debe ser sensible al tema de propiedad intelectual.<\/span><\/li>\n<li style=\"font-weight: 400;\" aria-level=\"1\"><span style=\"font-weight: 400;\">Todos los art\u00edculos de divulgaci\u00f3n se sujetan a un proceso de revisi\u00f3n por pares, antes de ser publicados.<\/span><\/li>\n<li style=\"font-weight: 400;\" aria-level=\"1\"><span style=\"font-weight: 400;\">Todo autor que publica adquiere el compromiso de evaluar, eventualmente, otro art\u00edculo escrito por un colega.<\/span><\/li>\n<\/ul>\n<h3><span style=\"font-weight: 400;\">Sobre el proceso de publicaci\u00f3n<\/span><\/h3>\n<p><b>TecScience<\/b><span style=\"font-weight: 400;\"> hace una doble revisi\u00f3n de la gram\u00e1tica, el estilo y las referencias en la versi\u00f3n final del manuscrito.&nbsp;<\/span><\/p>\n<p><span style=\"font-weight: 400;\">El \u00e1rea editorial podr\u00e1 modificar el manuscrito para ajustarlo al estilo de la publicaci\u00f3n de la revista, eso incluye t\u00edtulos, cintillo y entrada del art\u00edculo.&nbsp;<\/span><\/p>\n<p><span style=\"font-weight: 400;\">El \u00e1rea editorial decide la foto destacada del art\u00edculo. Los autores podr\u00e1n proponer fotos para interiores.&nbsp;<\/span><\/p>\n<p><b>TecScience<\/b> <span style=\"font-weight: 400;\">no cobra ni paga por publicar en la secci\u00f3n de Ciencia Amateur.<\/span><\/p>\n<p><\/p>\t\t\t\t\t\t\t\t<\/div>\n\t\t\t\t<\/div>\n\t\t\t\t<div class=\"elementor-element elementor-element-950677f elementor-widget elementor-widget-spacer\" data-id=\"950677f\" data-element_type=\"widget\" data-e-type=\"widget\" data-widget_type=\"spacer.default\">\n\t\t\t\t<div class=\"elementor-widget-container\">\n\t\t\t\t\t\t\t<div class=\"elementor-spacer\">\n\t\t\t<div class=\"elementor-spacer-inner\"><\/div>\n\t\t<\/div>\n\t\t\t\t\t\t<\/div>\n\t\t\t\t<\/div>\n\t\t\t\t\t<\/div>\n\t\t<\/div>\n\t\t\t\t\t<\/div>\n\t\t<\/section>\n\t\t\t\t<\/div>\n\t\t","protected":false},"excerpt":{"rendered":"<p>Gu\u00eda para publicar art\u00edculos en Ciencia Amateur La plataforma editorial de investigaci\u00f3n del Tec de Monterrey, TecScience, busca ser un espacio para que los estudiantes de nuestra instituci\u00f3n \u2013a partir de licenciatura\u2013 puedan comenzar a hacer sus primeras publicaciones de divulgaci\u00f3n apoyados y dirigidos por alg\u00fan profesor investigador del Tec de Monterrey&nbsp; . En la [&hellip;]<\/p>\n","protected":false},"author":9,"featured_media":0,"parent":0,"menu_order":0,"comment_status":"closed","ping_status":"closed","template":"","meta":{"_acf_changed":false,"_eb_attr":"","footnotes":""},"class_list":["post-164013","page","type-page","status-publish","hentry"],"acf":[],"yoast_head":"<!-- This site is optimized with the Yoast SEO Premium plugin v21.0 (Yoast SEO v27.3) - https:\/\/yoast.com\/product\/yoast-seo-premium-wordpress\/ -->\n<title>Gu\u00eda para publicar art\u00edculos en Ciencia Amateur - TecScience<\/title>\n<meta name=\"robots\" content=\"index, follow, max-snippet:-1, max-image-preview:large, max-video-preview:-1\" \/>\n<link rel=\"canonical\" href=\"https:\/\/tecscience.tec.mx\/es\/guia-para-publicar-articulos-en-ciencia-amateur\/\" \/>\n<meta property=\"og:locale\" content=\"es_ES\" \/>\n<meta property=\"og:type\" content=\"article\" \/>\n<meta property=\"og:title\" content=\"Gu\u00eda para publicar art\u00edculos en Ciencia Amateur\" \/>\n<meta property=\"og:description\" content=\"Gu\u00eda para publicar art\u00edculos en Ciencia Amateur La plataforma editorial de investigaci\u00f3n del Tec de Monterrey, TecScience, busca ser un espacio para que los estudiantes de nuestra instituci\u00f3n \u2013a partir de licenciatura\u2013 puedan comenzar a hacer sus primeras publicaciones de divulgaci\u00f3n apoyados y dirigidos por alg\u00fan profesor investigador del Tec de Monterrey&nbsp; . En la [&hellip;]\" \/>\n<meta property=\"og:url\" content=\"https:\/\/tecscience.tec.mx\/es\/guia-para-publicar-articulos-en-ciencia-amateur\/\" \/>\n<meta property=\"og:site_name\" content=\"TecScience\" \/>\n<meta property=\"article:publisher\" content=\"https:\/\/www.facebook.com\/TecScienceWeb\" \/>\n<meta property=\"article:modified_time\" content=\"2024-05-09T19:30:34+00:00\" \/>\n<meta property=\"og:image\" content=\"https:\/\/tecscience.tec.mx\/es\/wp-content\/uploads\/sites\/8\/2023\/09\/header.png\" \/>\n\t<meta property=\"og:image:width\" content=\"851\" \/>\n\t<meta property=\"og:image:height\" content=\"314\" \/>\n\t<meta property=\"og:image:type\" content=\"image\/png\" \/>\n<meta name=\"twitter:card\" content=\"summary_large_image\" \/>\n<meta name=\"twitter:site\" content=\"@TecScience_\" \/>\n<meta name=\"twitter:label1\" content=\"Tiempo de lectura\" \/>\n\t<meta name=\"twitter:data1\" content=\"5 minutos\" \/>\n<script type=\"application\/ld+json\" class=\"yoast-schema-graph\">{\"@context\":\"https:\\\/\\\/schema.org\",\"@graph\":[{\"@type\":\"WebPage\",\"@id\":\"https:\\\/\\\/tecscience.tec.mx\\\/es\\\/guia-para-publicar-articulos-en-ciencia-amateur\\\/\",\"url\":\"https:\\\/\\\/tecscience.tec.mx\\\/es\\\/guia-para-publicar-articulos-en-ciencia-amateur\\\/\",\"name\":\"Gu\u00eda para publicar art\u00edculos en Ciencia Amateur - TecScience\",\"isPartOf\":{\"@id\":\"https:\\\/\\\/tecscience.tec.mx\\\/es\\\/#website\"},\"datePublished\":\"2024-05-09T19:27:14+00:00\",\"dateModified\":\"2024-05-09T19:30:34+00:00\",\"breadcrumb\":{\"@id\":\"https:\\\/\\\/tecscience.tec.mx\\\/es\\\/guia-para-publicar-articulos-en-ciencia-amateur\\\/#breadcrumb\"},\"inLanguage\":\"es\",\"potentialAction\":[{\"@type\":\"ReadAction\",\"target\":[\"https:\\\/\\\/tecscience.tec.mx\\\/es\\\/guia-para-publicar-articulos-en-ciencia-amateur\\\/\"]}]},{\"@type\":\"BreadcrumbList\",\"@id\":\"https:\\\/\\\/tecscience.tec.mx\\\/es\\\/guia-para-publicar-articulos-en-ciencia-amateur\\\/#breadcrumb\",\"itemListElement\":[{\"@type\":\"ListItem\",\"position\":1,\"name\":\"Home\",\"item\":\"https:\\\/\\\/tecscience.tec.mx\\\/es\\\/\"},{\"@type\":\"ListItem\",\"position\":2,\"name\":\"Gu\u00eda para publicar art\u00edculos en Ciencia Amateur\"}]},{\"@type\":\"WebSite\",\"@id\":\"https:\\\/\\\/tecscience.tec.mx\\\/es\\\/#website\",\"url\":\"https:\\\/\\\/tecscience.tec.mx\\\/es\\\/\",\"name\":\"TecScience\",\"description\":\"Bilingual platform in charge of communicating advances in research, science and innovation at Tec\",\"publisher\":{\"@id\":\"https:\\\/\\\/tecscience.tec.mx\\\/es\\\/#organization\"},\"potentialAction\":[{\"@type\":\"SearchAction\",\"target\":{\"@type\":\"EntryPoint\",\"urlTemplate\":\"https:\\\/\\\/tecscience.tec.mx\\\/es\\\/?s={search_term_string}\"},\"query-input\":{\"@type\":\"PropertyValueSpecification\",\"valueRequired\":true,\"valueName\":\"search_term_string\"}}],\"inLanguage\":\"es\"},{\"@type\":\"Organization\",\"@id\":\"https:\\\/\\\/tecscience.tec.mx\\\/es\\\/#organization\",\"name\":\"TecScience\",\"url\":\"https:\\\/\\\/tecscience.tec.mx\\\/es\\\/\",\"logo\":{\"@type\":\"ImageObject\",\"inLanguage\":\"es\",\"@id\":\"https:\\\/\\\/tecscience.tec.mx\\\/es\\\/#\\\/schema\\\/logo\\\/image\\\/\",\"url\":\"https:\\\/\\\/tecscience.tec.mx\\\/es\\\/wp-content\\\/uploads\\\/sites\\\/8\\\/2022\\\/11\\\/logo-negro-tecscience.svg\",\"contentUrl\":\"https:\\\/\\\/tecscience.tec.mx\\\/es\\\/wp-content\\\/uploads\\\/sites\\\/8\\\/2022\\\/11\\\/logo-negro-tecscience.svg\",\"width\":250,\"height\":38,\"caption\":\"TecScience\"},\"image\":{\"@id\":\"https:\\\/\\\/tecscience.tec.mx\\\/es\\\/#\\\/schema\\\/logo\\\/image\\\/\"},\"sameAs\":[\"https:\\\/\\\/www.facebook.com\\\/TecScienceWeb\",\"https:\\\/\\\/x.com\\\/TecScience_\",\"https:\\\/\\\/www.linkedin.com\\\/company\\\/tec-science\\\/\",\"https:\\\/\\\/www.instagram.com\\\/tecscienceweb\\\/\"],\"publishingPrinciples\":\"https:\\\/\\\/tecscience.tec.mx\\\/es\\\/guia-de-publicacion-para-articulos-de-divulgacion\\\/\",\"correctionsPolicy\":\"https:\\\/\\\/tecscience.tec.mx\\\/es\\\/equipo-editorial-tecscience\\\/\"}]}<\/script>\n<!-- \/ Yoast SEO Premium plugin. -->","yoast_head_json":{"title":"Gu\u00eda para publicar art\u00edculos en Ciencia Amateur - TecScience","robots":{"index":"index","follow":"follow","max-snippet":"max-snippet:-1","max-image-preview":"max-image-preview:large","max-video-preview":"max-video-preview:-1"},"canonical":"https:\/\/tecscience.tec.mx\/es\/guia-para-publicar-articulos-en-ciencia-amateur\/","og_locale":"es_ES","og_type":"article","og_title":"Gu\u00eda para publicar art\u00edculos en Ciencia Amateur","og_description":"Gu\u00eda para publicar art\u00edculos en Ciencia Amateur La plataforma editorial de investigaci\u00f3n del Tec de Monterrey, TecScience, busca ser un espacio para que los estudiantes de nuestra instituci\u00f3n \u2013a partir de licenciatura\u2013 puedan comenzar a hacer sus primeras publicaciones de divulgaci\u00f3n apoyados y dirigidos por alg\u00fan profesor investigador del Tec de Monterrey&nbsp; . En la [&hellip;]","og_url":"https:\/\/tecscience.tec.mx\/es\/guia-para-publicar-articulos-en-ciencia-amateur\/","og_site_name":"TecScience","article_publisher":"https:\/\/www.facebook.com\/TecScienceWeb","article_modified_time":"2024-05-09T19:30:34+00:00","og_image":[{"width":851,"height":314,"url":"https:\/\/tecscience.tec.mx\/es\/wp-content\/uploads\/sites\/8\/2023\/09\/header.png","type":"image\/png"}],"twitter_card":"summary_large_image","twitter_site":"@TecScience_","twitter_misc":{"Tiempo de lectura":"5 minutos"},"schema":{"@context":"https:\/\/schema.org","@graph":[{"@type":"WebPage","@id":"https:\/\/tecscience.tec.mx\/es\/guia-para-publicar-articulos-en-ciencia-amateur\/","url":"https:\/\/tecscience.tec.mx\/es\/guia-para-publicar-articulos-en-ciencia-amateur\/","name":"Gu\u00eda para publicar art\u00edculos en Ciencia Amateur - TecScience","isPartOf":{"@id":"https:\/\/tecscience.tec.mx\/es\/#website"},"datePublished":"2024-05-09T19:27:14+00:00","dateModified":"2024-05-09T19:30:34+00:00","breadcrumb":{"@id":"https:\/\/tecscience.tec.mx\/es\/guia-para-publicar-articulos-en-ciencia-amateur\/#breadcrumb"},"inLanguage":"es","potentialAction":[{"@type":"ReadAction","target":["https:\/\/tecscience.tec.mx\/es\/guia-para-publicar-articulos-en-ciencia-amateur\/"]}]},{"@type":"BreadcrumbList","@id":"https:\/\/tecscience.tec.mx\/es\/guia-para-publicar-articulos-en-ciencia-amateur\/#breadcrumb","itemListElement":[{"@type":"ListItem","position":1,"name":"Home","item":"https:\/\/tecscience.tec.mx\/es\/"},{"@type":"ListItem","position":2,"name":"Gu\u00eda para publicar art\u00edculos en Ciencia Amateur"}]},{"@type":"WebSite","@id":"https:\/\/tecscience.tec.mx\/es\/#website","url":"https:\/\/tecscience.tec.mx\/es\/","name":"TecScience","description":"Bilingual platform in charge of communicating advances in research, science and innovation at Tec","publisher":{"@id":"https:\/\/tecscience.tec.mx\/es\/#organization"},"potentialAction":[{"@type":"SearchAction","target":{"@type":"EntryPoint","urlTemplate":"https:\/\/tecscience.tec.mx\/es\/?s={search_term_string}"},"query-input":{"@type":"PropertyValueSpecification","valueRequired":true,"valueName":"search_term_string"}}],"inLanguage":"es"},{"@type":"Organization","@id":"https:\/\/tecscience.tec.mx\/es\/#organization","name":"TecScience","url":"https:\/\/tecscience.tec.mx\/es\/","logo":{"@type":"ImageObject","inLanguage":"es","@id":"https:\/\/tecscience.tec.mx\/es\/#\/schema\/logo\/image\/","url":"https:\/\/tecscience.tec.mx\/es\/wp-content\/uploads\/sites\/8\/2022\/11\/logo-negro-tecscience.svg","contentUrl":"https:\/\/tecscience.tec.mx\/es\/wp-content\/uploads\/sites\/8\/2022\/11\/logo-negro-tecscience.svg","width":250,"height":38,"caption":"TecScience"},"image":{"@id":"https:\/\/tecscience.tec.mx\/es\/#\/schema\/logo\/image\/"},"sameAs":["https:\/\/www.facebook.com\/TecScienceWeb","https:\/\/x.com\/TecScience_","https:\/\/www.linkedin.com\/company\/tec-science\/","https:\/\/www.instagram.com\/tecscienceweb\/"],"publishingPrinciples":"https:\/\/tecscience.tec.mx\/es\/guia-de-publicacion-para-articulos-de-divulgacion\/","correctionsPolicy":"https:\/\/tecscience.tec.mx\/es\/equipo-editorial-tecscience\/"}]}},"_links":{"self":[{"href":"https:\/\/tecscience.tec.mx\/es\/wp-json\/wp\/v2\/pages\/164013","targetHints":{"allow":["GET"]}}],"collection":[{"href":"https:\/\/tecscience.tec.mx\/es\/wp-json\/wp\/v2\/pages"}],"about":[{"href":"https:\/\/tecscience.tec.mx\/es\/wp-json\/wp\/v2\/types\/page"}],"author":[{"embeddable":true,"href":"https:\/\/tecscience.tec.mx\/es\/wp-json\/wp\/v2\/users\/9"}],"replies":[{"embeddable":true,"href":"https:\/\/tecscience.tec.mx\/es\/wp-json\/wp\/v2\/comments?post=164013"}],"version-history":[{"count":0,"href":"https:\/\/tecscience.tec.mx\/es\/wp-json\/wp\/v2\/pages\/164013\/revisions"}],"wp:attachment":[{"href":"https:\/\/tecscience.tec.mx\/es\/wp-json\/wp\/v2\/media?parent=164013"}],"curies":[{"name":"wp","href":"https:\/\/api.w.org\/{rel}","templated":true}]}}